{"id":9795,"date":"2022-04-26T10:48:37","date_gmt":"2022-04-26T10:48:37","guid":{"rendered":"https:\/\/entandem.cat\/?page_id=9795"},"modified":"2022-04-26T10:51:37","modified_gmt":"2022-04-26T10:51:37","slug":"politica-de-privacidad","status":"publish","type":"page","link":"https:\/\/entandem.cat\/es\/politica-de-privacidad\/","title":{"rendered":"Pol\u00edtica de Privacidad"},"content":{"rendered":"\n<div style=\"height:50px\" aria-hidden=\"true\" class=\"wp-block-spacer\"><\/div>\n\n\n<p><strong>Datos del propietario de la web:<\/strong><\/p>\n<table class=\"table\" style=\"width: 100%; height: 165px;\">\n<tbody>\n<tr style=\"height: 24px;\">\n<td style=\"width: 28.2143%; height: 24px;\"><strong>RAZ\u00d3N SOCIAL<\/strong><\/td>\n<td style=\"width: 71.7857%; height: 24px;\">ASSOCIATION DE LA FONDATION ETUDIANTE POUR LA VILLE &#8211; AFEV<\/td>\n<\/tr>\n<tr style=\"height: 24px;\">\n<td style=\"width: 28.2143%; height: 24px;\"><strong>NIF<\/strong><\/td>\n<td style=\"width: 71.7857%; height: 24px;\">W0016043B<\/td>\n<\/tr>\n<tr style=\"height: 24px;\">\n<td style=\"width: 28.2143%; height: 24px;\"><strong>DIRECCI\u00d3N POSTAL<\/strong><\/td>\n<td style=\"width: 71.7857%; height: 24px;\">C\/ AVINYO\u0301 44, 3 PLANTA 08002, BARCELONA<\/td>\n<\/tr>\n<tr style=\"height: 24px;\">\n<td style=\"width: 28.2143%; height: 24px;\"><strong>DIRECCI\u00d3N ELECTR\u00d3NICA<\/strong><\/td>\n<td style=\"width: 71.7857%; height: 24px;\">voluntariat@afev.org<\/td>\n<\/tr>\n<tr style=\"height: 24px;\">\n<td style=\"width: 28.2143%; height: 24px;\"><strong>TEL\u00c9FONOS<\/strong><\/td>\n<td style=\"width: 71.7857%; height: 24px;\">936 24 17 19<\/td>\n<\/tr>\n<tr style=\"height: 45px;\">\n<td style=\"width: 28.2143%; height: 45px;\"><strong>OBJETO PRINCIPAL<\/strong><\/td>\n<td style=\"width: 71.7857%; height: 45px;\">informar a los usuarios sobre el proyecto de la asociacio\u0301n asi\u0301 como noticias y actividades<\/td>\n<\/tr>\n<\/tbody>\n<\/table>\n<p><strong>Proteccio\u0301n de datos<\/strong><\/p>\n<p>De conformidad con la normativa vigente y aplicable en proteccio\u0301n de datos de cara\u0301cter personal, le informamos que sus datos sera\u0301n incorporados al sistema de tratamiento titularidad de ASSOCIATION DE LA FONDATION ETUDIANTE POUR LA VILLE &#8211; AFEV con NIF W0016043B y domicilio social sito en C\/ AVINYO\u0301 44, 3 PLANTA 08002, BARCELONA, y que a continuacio\u0301n se relacionan sus respectivas finalidades, plazos de conservacio\u0301n y bases legitimadoras. Para aquellos tratamientos que lo requieran, se informa tambie\u0301n de la posible elaboracio\u0301n de perfiles y decisiones automatizadas, asi\u0301 como las posibles cesiones y las transferencias internacionales que ASSOCIATION DE LA FONDATION ETUDIANTE POUR LA VILLE &#8211; AFEV tiene previsto realizar:<\/p>\n<p><strong>TRATAMIENTOS REALIZADOS<\/strong><\/p>\n<table class=\"table table-bordered\" style=\"width: 100%;\">\n<tbody>\n<tr>\n<td style=\"width: 26.9048%;\">\n<p><strong>Gestio\u0301n de la pa\u0301gina web<\/strong><\/p>\n<\/td>\n<td>\n<p>Finalidad: Tratamiento y gestio\u0301n de los datos necesarios para la funcionalidad de la pa\u0301gina web<br>Plazo de conservacio\u0301n: mientras perdure el consentimiento prestado<br>Base legi\u0301tima: El consentimiento del interesado<\/p>\n<p>Tipologi\u0301a de Datos: Datos meramente identificativos Cesiones: No se preve\u0301n<br>Transferencias internacionales: No se preve\u0301n Elaboraciones de perfiles: No se preve\u0301n<\/p>\n<\/td>\n<\/tr>\n<tr>\n<td style=\"width: 26.9048%;\">\n<p><strong>Formulario web<\/strong><\/p>\n<\/td>\n<td>\n<p>Finalidad: Atender sus consultas y\/o solicitudes<br>Plazo de conservacio\u0301n: mientras se mantenga el consentimiento prestado. Base legi\u0301tima: El consentimiento del interesado<br>Tipologi\u0301a de Datos: Datos meramente identificativos<br>Cesiones: Ninguna<br>Transferencias internacionales: No se preve\u0301n<br>Elaboraciones de perfiles: No se preve\u0301n<\/p>\n<\/td>\n<\/tr>\n<tr>\n<td style=\"width: 26.9048%;\">\n<p><strong>Gestio\u0301n del cumplimiento normativo<\/strong><\/p>\n<\/td>\n<td>\n<p>Finalidad: Gestio\u0301n y tramitacio\u0301n de las obligaciones y deberes que se deriven del cumplimiento de la normativa a la cual esta\u0301 sujeta la entidad<br>Plazo de conservacio\u0301n: conservacio\u0301n de las copias de los documentos hasta que prescriban las acciones para reclamarle una posible responsabilidad<\/p>\n<p>Base legi\u0301tima: El cumplimiento de una ley<br>Tipologi\u0301a de Datos: Datos meramente identificativos<br>Cesiones: sus datos sera\u0301n comunicados en caso de ser necesario a Organismos y\/o administracio\u0301n pu\u0301blica con competencia en la materia con la finalidad de cumplir con las obligaciones establecidas en la normativa aplicable. Adema\u0301s, se informa que la base legitimadora de la cesio\u0301n es cumplir con las obligaciones establecidas en la normativa aplicable<br>Transferencias internacionales: No se preve\u0301n<br>Elaboraciones de perfiles: No se preve\u0301n<\/p>\n<\/td>\n<\/tr>\n<tr>\n<td style=\"width: 26.9048%;\">\n<p><strong>Newsletters<\/strong><\/p>\n<\/td>\n<td>\n<p>Finalidad: Captacio\u0301n, registro y tratamiento de datos con finalidades de marketing para realizar el envi\u0301o correspondiente a la Newsletter a la cual se ha subscrito<br>Plazo de conservacio\u0301n: mientras se mantenga el consentimiento prestado<br>Base legi\u0301tima: El consentimiento del interesado<\/p>\n<p>Tipologi\u0301a de Datos: Datos meramente identificativos Cesiones: Ninguna<br>Transferencias internacionales: No se preve\u0301n Elaboraciones de perfiles: No se preve\u0301n<\/p>\n<\/td>\n<\/tr>\n<tr>\n<td style=\"width: 26.9048%;\">\n<p><strong>Acciones Comerciales<\/strong><\/p>\n<\/td>\n<td>\n<p>Finalidad: Captacio\u0301n, registro y tratamiento de datos con finalidades de publicidad y prospeccio\u0301n comercial de nuestros productos y\/o servicios<br>Plazo de conservacio\u0301n: mientras se mantenga el consentimiento prestado<br>Base legi\u0301tima: El consentimiento del interesado<\/p>\n<p>Tipologi\u0301a de Datos: Datos meramente identificativos Cesiones: Ninguna<br>Transferencias internacionales: No se preve\u0301n Elaboraciones de perfiles: No se preve\u0301n<\/p>\n<\/td>\n<\/tr>\n<\/tbody>\n<\/table>\n\n\n<p>A su vez, le informamos que puede contactar con el Delegado de Protecci\u00f3n de Datos, dirigi\u00e9ndose por escrito a la direcci\u00f3n de correo dpd.cliente@conversia.es o al tel\u00e9fono 902 877 192.<\/p>\n\n\n\n<p><strong>Derechos de los interesados<\/strong><\/p>\n\n\n\n<p>ASSOCIATION DE LA FONDATION ETUDIANTE POUR LA VILLE &#8211; AFEV informa a los Usuarios que, podr\u00e1 ejercer los derechos de acceso, rectificaci\u00f3n, limitaci\u00f3n, supresi\u00f3n, portabilidad y oposici\u00f3n al tratamiento de sus datos de car\u00e1cter personal ante el Responsable del Tratamiento, as\u00ed como a la retirada del consentimiento prestado.<\/p>\n\n\n\n<ul class=\"wp-block-list\"><li><strong>Derecho de Acceso: <\/strong>Es el derecho del usuario a obtener informaci\u00f3n sobre sus datos concretos de car\u00e1cter personal y del tratamiento que se haya realizado o realice, as\u00ed como de la informaci\u00f3n disponible sobre el origen de dichos datos y las comunicaciones realizadas o previstas de los mismos.<\/li><li><strong>Derecho de Rectificaci\u00f3n:<\/strong> Es el derecho del afectado a que se modifiquen los datos que resulten ser inexactos o incompletos. S\u00f3lo podr\u00e1 satisfacerse en relaci\u00f3n a aquella informaci\u00f3n que se encuentre bajo el control de ASSOCIATION DE LA FONDATION ETUDIANTE POUR LA VILLE &#8211; AFEV, por ejemplo, eliminar comentarios publicados en la propia p\u00e1gina, im\u00e1genes o contenidos web donde consten datos de car\u00e1cter personal del usuario.<\/li><li><strong>Derecho a la Limitaci\u00f3n de tratamiento:<\/strong> Es el derecho a que se limiten los fines del tratamiento previstos de forma original por el responsable del tratamiento.<\/li><li><strong>Derecho de Supresi\u00f3n: <\/strong>Es el derecho a suprimir los datos de car\u00e1cter personal del usuario, a excepci\u00f3n de lo previsto en el propio RGPD o en otras normativas aplicables que determinen la obligatoriedad de la conservaci\u00f3n de los mismos, en tiempo y forma.<\/li><li><strong>Derecho de portabilidad:<\/strong> El derecho a recibir los datos personales que el usuario, haya facilitado, en un formato estructurado, de uso com\u00fan y lectura mec\u00e1nica, y a transmitirlos a otro responsable.<\/li><li><strong>Derecho de Oposici\u00f3n:<\/strong> Es el derecho del usuario a que no se lleve a cabo el tratamiento de sus datos de car\u00e1cter personal o se cese el tratamiento de los mismos por parte de ASSOCIATION DE LA FONDATION ETUDIANTE POUR LA VILLE &#8211; AFEV.<\/li><\/ul>\n\n\n\n<p>Para poder ejercer cualquiera de los derechos descritos anteriormente deber\u00e1 cumplir con los siguientes requisitos:<\/p>\n\n\n\n<ul class=\"wp-block-list\"><li>Presentaci\u00f3n de un escrito a la direcci\u00f3n C\/ AVINY\u00d3 44, 3 PLANTA 08002, BARCELONA (a la atenci\u00f3n de ASSOCIATION DE LA FONDATION ETUDIANTE POUR LA VILLE &#8211; AFEV) o bien a trav\u00e9s de correo electr\u00f3nico a voluntariat@afev.org.<\/li><li>El escrito remitido por el titular de los datos que solicite el ejercicio deber\u00e1 de cumplir los siguientes requisitos legales:<ul><li>Nombre, apellidos del interesado y copia del DNI\/NIE o cualquier documento identificativo. En los excepcionales casos en que se admita la representaci\u00f3n, ser\u00e1 tambi\u00e9n necesaria la identificaci\u00f3n por el mismo medio de la persona que le representa, as\u00ed como el documento acreditativo de la representaci\u00f3n. La fotocopia del DNI podr\u00e1 ser sustituida siempre que se acredite la identidad por cualquier otro medio v\u00e1lido en derecho.<\/li><li>Petici\u00f3n en que se concreta la solicitud. (Ejercicio en el que se solicita la informaci\u00f3n a la que se quiere acceder). Si no hace referencia a un fichero concreto se le facilitar\u00e1 toda la informaci\u00f3n que se tenga con sus datos de car\u00e1cter personal. Si solicita informaci\u00f3n de un fichero en concreto, s\u00f3lo la informaci\u00f3n de este fichero. Si solicita informaci\u00f3n relativa a un tercero nunca se podr\u00e1 facilitar. Si lo solicita por tel\u00e9fono se le indicar\u00e1 que lo haga por escrito y se le informar\u00e1 de c\u00f3mo lo puede hacer y la direcci\u00f3n a la que tiene que enviarlo. Nunca se le dar\u00e1 informaci\u00f3n por tel\u00e9fono.<\/li><li>Domicilio a efectos de notificaciones.<\/li><li>Fecha y firma del solicitante.<\/li><li>Documentos acreditativos de la petici\u00f3n que formula.<\/li><li>El interesado debe utilizar cualquier medio que permita acreditar el env\u00edo y la recepci\u00f3n de la solicitud.<\/li><\/ul><\/li><\/ul>\n\n\n\n<p>Por \u00faltimo, le informamos que Usted tiene derecho a presentar una reclamaci\u00f3n ante la Agencia Espa\u00f1ola de Protecci\u00f3n de Datos en caso de que tenga conocimiento o considere que un hecho pueda suponer un incumplimiento de la normativa aplicable en materia de protecci\u00f3n de datos.<\/p>\n\n\n\n<p>ASSOCIATION DE LA FONDATION ETUDIANTE POUR LA VILLE &#8211; AFEV se compromete a adoptar las medidas t\u00e9cnicas y organizativas necesarias, acorde al nivel de riesgos que acompa\u00f1an los tratamientos realizados por \u00e9stas e indicados en el apartado de los t\u00e9rminos y condiciones de uso, de forma que garanticen su integridad, confidencialidad y disponibilidad.<\/p>\n\n\n\n<p><strong>\u00daLTIMA ACTUALIZACI\u00d3N: 29 de septiembre de 2021<\/strong><\/p>\n\n\n\n<div style=\"height:100px\" aria-hidden=\"true\" class=\"wp-block-spacer\"><\/div>\n\n\n\n<div style=\"height:100px\" aria-hidden=\"true\" class=\"wp-block-spacer\"><\/div>\n\n\n","protected":false},"excerpt":{"rendered":"<p>Datos del propietario de la web: RAZ\u00d3N SOCIAL ASSOCIATION DE LA FONDATION ETUDIANTE POUR LA VILLE &#8211; AFEV NIF W0016043B DIRECCI\u00d3N POSTAL C\/ AVINYO\u0301 44, 3 PLANTA 08002, BARCELONA DIRECCI\u00d3N ELECTR\u00d3NICA voluntariat@afev.org TEL\u00c9FONOS 936 24 17 19 OBJETO PRINCIPAL informar a los usuarios sobre el proyecto de la asociacio\u0301n asi\u0301 como noticias y actividades Proteccio\u0301n &hellip; <a href=\"https:\/\/entandem.cat\/es\/politica-de-privacidad\/\">Continued<\/a><\/p>\n","protected":false},"author":1,"featured_media":0,"parent":0,"menu_order":0,"comment_status":"closed","ping_status":"closed","template":"template-fullwidth.php","meta":{"footnotes":""},"class_list":["post-9795","page","type-page","status-publish","hentry"],"yoast_head":"<!-- This site is optimized with the Yoast SEO plugin v27.0 - https:\/\/yoast.com\/product\/yoast-seo-wordpress\/ -->\n<title>Pol\u00edtica de Privacidad - enT\u00e0ndem<\/title>\n<meta name=\"robots\" content=\"index, follow, max-snippet:-1, max-image-preview:large, max-video-preview:-1\" \/>\n<link rel=\"canonical\" href=\"https:\/\/entandem.cat\/es\/politica-de-privacidad\/\" \/>\n<meta property=\"og:locale\" content=\"es_ES\" \/>\n<meta property=\"og:type\" content=\"article\" \/>\n<meta property=\"og:title\" content=\"Pol\u00edtica de Privacidad - enT\u00e0ndem\" \/>\n<meta property=\"og:description\" content=\"Datos del propietario de la web: RAZ\u00d3N SOCIAL ASSOCIATION DE LA FONDATION ETUDIANTE POUR LA VILLE &#8211; AFEV NIF W0016043B DIRECCI\u00d3N POSTAL C\/ AVINYO\u0301 44, 3 PLANTA 08002, BARCELONA DIRECCI\u00d3N ELECTR\u00d3NICA voluntariat@afev.org TEL\u00c9FONOS 936 24 17 19 OBJETO PRINCIPAL informar a los usuarios sobre el proyecto de la asociacio\u0301n asi\u0301 como noticias y actividades Proteccio\u0301n &hellip; Continued\" \/>\n<meta property=\"og:url\" content=\"https:\/\/entandem.cat\/es\/politica-de-privacidad\/\" \/>\n<meta property=\"og:site_name\" content=\"enT\u00e0ndem\" \/>\n<meta property=\"article:publisher\" content=\"https:\/\/www.facebook.com\/afevcat\" \/>\n<meta property=\"article:modified_time\" content=\"2022-04-26T10:51:37+00:00\" \/>\n<meta property=\"og:image\" content=\"https:\/\/entandem.cat\/wp-content\/uploads\/2011\/05\/portada1.jpg\" \/>\n\t<meta property=\"og:image:width\" content=\"1340\" \/>\n\t<meta property=\"og:image:height\" content=\"737\" \/>\n\t<meta property=\"og:image:type\" content=\"image\/jpeg\" \/>\n<meta name=\"twitter:card\" content=\"summary_large_image\" \/>\n<meta name=\"twitter:site\" content=\"@afevcat\" \/>\n<meta name=\"twitter:label1\" content=\"Tiempo de lectura\" \/>\n\t<meta name=\"twitter:data1\" content=\"6 minutos\" \/>\n<script type=\"application\/ld+json\" class=\"yoast-schema-graph\">{\"@context\":\"https:\/\/schema.org\",\"@graph\":[{\"@type\":\"WebPage\",\"@id\":\"https:\/\/entandem.cat\/es\/politica-de-privacidad\/\",\"url\":\"https:\/\/entandem.cat\/es\/politica-de-privacidad\/\",\"name\":\"Pol\u00edtica de Privacidad - enT\u00e0ndem\",\"isPartOf\":{\"@id\":\"https:\/\/entandem.cat\/#website\"},\"datePublished\":\"2022-04-26T10:48:37+00:00\",\"dateModified\":\"2022-04-26T10:51:37+00:00\",\"breadcrumb\":{\"@id\":\"https:\/\/entandem.cat\/es\/politica-de-privacidad\/#breadcrumb\"},\"inLanguage\":\"es\",\"potentialAction\":[{\"@type\":\"ReadAction\",\"target\":[\"https:\/\/entandem.cat\/es\/politica-de-privacidad\/\"]}]},{\"@type\":\"BreadcrumbList\",\"@id\":\"https:\/\/entandem.cat\/es\/politica-de-privacidad\/#breadcrumb\",\"itemListElement\":[{\"@type\":\"ListItem\",\"position\":1,\"name\":\"Inici\",\"item\":\"https:\/\/entandem.cat\/es\/\"},{\"@type\":\"ListItem\",\"position\":2,\"name\":\"Pol\u00edtica de Privacidad\"}]},{\"@type\":\"WebSite\",\"@id\":\"https:\/\/entandem.cat\/#website\",\"url\":\"https:\/\/entandem.cat\/\",\"name\":\"enT\u00e0ndem\",\"description\":\"Voluntariat Social Universitari\",\"publisher\":{\"@id\":\"https:\/\/entandem.cat\/#organization\"},\"potentialAction\":[{\"@type\":\"SearchAction\",\"target\":{\"@type\":\"EntryPoint\",\"urlTemplate\":\"https:\/\/entandem.cat\/?s={search_term_string}\"},\"query-input\":{\"@type\":\"PropertyValueSpecification\",\"valueRequired\":true,\"valueName\":\"search_term_string\"}}],\"inLanguage\":\"es\"},{\"@type\":\"Organization\",\"@id\":\"https:\/\/entandem.cat\/#organization\",\"name\":\"enT\u00e0ndem\",\"url\":\"https:\/\/entandem.cat\/\",\"logo\":{\"@type\":\"ImageObject\",\"inLanguage\":\"es\",\"@id\":\"https:\/\/entandem.cat\/#\/schema\/logo\/image\/\",\"url\":\"https:\/\/entandem.cat\/wp-content\/uploads\/2016\/12\/logo-entandem.png\",\"contentUrl\":\"https:\/\/entandem.cat\/wp-content\/uploads\/2016\/12\/logo-entandem.png\",\"width\":166,\"height\":44,\"caption\":\"enT\u00e0ndem\"},\"image\":{\"@id\":\"https:\/\/entandem.cat\/#\/schema\/logo\/image\/\"},\"sameAs\":[\"https:\/\/www.facebook.com\/afevcat\",\"https:\/\/x.com\/afevcat\",\"https:\/\/www.instagram.com\/afevcat\/\"]}]}<\/script>\n<!-- \/ Yoast SEO plugin. -->","yoast_head_json":{"title":"Pol\u00edtica de Privacidad - enT\u00e0ndem","robots":{"index":"index","follow":"follow","max-snippet":"max-snippet:-1","max-image-preview":"max-image-preview:large","max-video-preview":"max-video-preview:-1"},"canonical":"https:\/\/entandem.cat\/es\/politica-de-privacidad\/","og_locale":"es_ES","og_type":"article","og_title":"Pol\u00edtica de Privacidad - enT\u00e0ndem","og_description":"Datos del propietario de la web: RAZ\u00d3N SOCIAL ASSOCIATION DE LA FONDATION ETUDIANTE POUR LA VILLE &#8211; AFEV NIF W0016043B DIRECCI\u00d3N POSTAL C\/ AVINYO\u0301 44, 3 PLANTA 08002, BARCELONA DIRECCI\u00d3N ELECTR\u00d3NICA voluntariat@afev.org TEL\u00c9FONOS 936 24 17 19 OBJETO PRINCIPAL informar a los usuarios sobre el proyecto de la asociacio\u0301n asi\u0301 como noticias y actividades Proteccio\u0301n &hellip; Continued","og_url":"https:\/\/entandem.cat\/es\/politica-de-privacidad\/","og_site_name":"enT\u00e0ndem","article_publisher":"https:\/\/www.facebook.com\/afevcat","article_modified_time":"2022-04-26T10:51:37+00:00","og_image":[{"width":1340,"height":737,"url":"https:\/\/entandem.cat\/wp-content\/uploads\/2011\/05\/portada1.jpg","type":"image\/jpeg"}],"twitter_card":"summary_large_image","twitter_site":"@afevcat","twitter_misc":{"Tiempo de lectura":"6 minutos"},"schema":{"@context":"https:\/\/schema.org","@graph":[{"@type":"WebPage","@id":"https:\/\/entandem.cat\/es\/politica-de-privacidad\/","url":"https:\/\/entandem.cat\/es\/politica-de-privacidad\/","name":"Pol\u00edtica de Privacidad - enT\u00e0ndem","isPartOf":{"@id":"https:\/\/entandem.cat\/#website"},"datePublished":"2022-04-26T10:48:37+00:00","dateModified":"2022-04-26T10:51:37+00:00","breadcrumb":{"@id":"https:\/\/entandem.cat\/es\/politica-de-privacidad\/#breadcrumb"},"inLanguage":"es","potentialAction":[{"@type":"ReadAction","target":["https:\/\/entandem.cat\/es\/politica-de-privacidad\/"]}]},{"@type":"BreadcrumbList","@id":"https:\/\/entandem.cat\/es\/politica-de-privacidad\/#breadcrumb","itemListElement":[{"@type":"ListItem","position":1,"name":"Inici","item":"https:\/\/entandem.cat\/es\/"},{"@type":"ListItem","position":2,"name":"Pol\u00edtica de Privacidad"}]},{"@type":"WebSite","@id":"https:\/\/entandem.cat\/#website","url":"https:\/\/entandem.cat\/","name":"enT\u00e0ndem","description":"Voluntariat Social Universitari","publisher":{"@id":"https:\/\/entandem.cat\/#organization"},"potentialAction":[{"@type":"SearchAction","target":{"@type":"EntryPoint","urlTemplate":"https:\/\/entandem.cat\/?s={search_term_string}"},"query-input":{"@type":"PropertyValueSpecification","valueRequired":true,"valueName":"search_term_string"}}],"inLanguage":"es"},{"@type":"Organization","@id":"https:\/\/entandem.cat\/#organization","name":"enT\u00e0ndem","url":"https:\/\/entandem.cat\/","logo":{"@type":"ImageObject","inLanguage":"es","@id":"https:\/\/entandem.cat\/#\/schema\/logo\/image\/","url":"https:\/\/entandem.cat\/wp-content\/uploads\/2016\/12\/logo-entandem.png","contentUrl":"https:\/\/entandem.cat\/wp-content\/uploads\/2016\/12\/logo-entandem.png","width":166,"height":44,"caption":"enT\u00e0ndem"},"image":{"@id":"https:\/\/entandem.cat\/#\/schema\/logo\/image\/"},"sameAs":["https:\/\/www.facebook.com\/afevcat","https:\/\/x.com\/afevcat","https:\/\/www.instagram.com\/afevcat\/"]}]}},"_links":{"self":[{"href":"https:\/\/entandem.cat\/es\/wp-json\/wp\/v2\/pages\/9795","targetHints":{"allow":["GET"]}}],"collection":[{"href":"https:\/\/entandem.cat\/es\/wp-json\/wp\/v2\/pages"}],"about":[{"href":"https:\/\/entandem.cat\/es\/wp-json\/wp\/v2\/types\/page"}],"author":[{"embeddable":true,"href":"https:\/\/entandem.cat\/es\/wp-json\/wp\/v2\/users\/1"}],"replies":[{"embeddable":true,"href":"https:\/\/entandem.cat\/es\/wp-json\/wp\/v2\/comments?post=9795"}],"version-history":[{"count":2,"href":"https:\/\/entandem.cat\/es\/wp-json\/wp\/v2\/pages\/9795\/revisions"}],"predecessor-version":[{"id":9800,"href":"https:\/\/entandem.cat\/es\/wp-json\/wp\/v2\/pages\/9795\/revisions\/9800"}],"wp:attachment":[{"href":"https:\/\/entandem.cat\/es\/wp-json\/wp\/v2\/media?parent=9795"}],"curies":[{"name":"wp","href":"https:\/\/api.w.org\/{rel}","templated":true}]}}